{"id":1167,"date":"2026-01-22T19:59:14","date_gmt":"2026-01-22T18:59:14","guid":{"rendered":"https:\/\/www.skupinakores.cz\/?page_id=1167"},"modified":"2026-01-22T20:00:42","modified_gmt":"2026-01-22T19:00:42","slug":"kalendar","status":"publish","type":"page","link":"https:\/\/www.skupinakores.cz\/?page_id=1167","title":{"rendered":"Kalend\u00e1\u0159"},"content":{"rendered":"\n<p>Modr\u00e1=Pram\u00ednek<br>\u010cerven\u00e1=Pr\u00e1\u010data<\/p>\n\n\n\n<iframe loading=\"lazy\" src=\"https:\/\/calendar.google.com\/calendar\/embed?height=600&amp;wkst=2&amp;bgcolor=%23ffffff&amp;ctz=Europe%2FPrague&amp;showTitle=0&amp;src=YjFtZ2hsZ3JsbTI2c2Ftb2drYXM3NmRjN2NAZ3JvdXAuY2FsZW5kYXIuZ29vZ2xlLmNvbQ&amp;src=MGZlbXR2MjBuc2EzZmo5YWo3cmY4anNyMmdAZ3JvdXAuY2FsZW5kYXIuZ29vZ2xlLmNvbQ&amp;src=aXE0Y251NGdsYTZrNWZxZXNyaXVoajU1dGdAZ3JvdXAuY2FsZW5kYXIuZ29vZ2xlLmNvbQ&amp;src=YTZudHNpdTFiMGxzaWpyZjNic3I4Yms3aWtAZ3JvdXAuY2FsZW5kYXIuZ29vZ2xlLmNvbQ&amp;color=%23009688&amp;color=%233F51B5&amp;color=%23D50000&amp;color=%23E4C441\" style=\"border:solid 1px #777\" width=\"800\" height=\"600\" frameborder=\"0\" scrolling=\"no\"><\/iframe>\n","protected":false},"excerpt":{"rendered":"<p>Modr\u00e1=Pram\u00ednek\u010cerven\u00e1=Pr\u00e1\u010data<\/p>\n","protected":false},"author":1,"featured_media":0,"parent":0,"menu_order":0,"comment_status":"closed","ping_status":"closed","template":"","meta":{"zakra_page_container_layout":"customizer","zakra_page_sidebar_layout":"customizer","zakra_remove_content_margin":false,"zakra_sidebar":"customizer","zakra_transparent_header":"customizer","zakra_logo":0,"zakra_main_header_style":"default","zakra_menu_item_color":"","zakra_menu_item_hover_color":"","zakra_menu_item_active_color":"","zakra_menu_active_style":"","zakra_page_header":true,"footnotes":""},"class_list":["post-1167","page","type-page","status-publish","hentry"],"_links":{"self":[{"href":"https:\/\/www.skupinakores.cz\/index.php?rest_route=\/wp\/v2\/pages\/1167","targetHints":{"allow":["GET"]}}],"collection":[{"href":"https:\/\/www.skupinakores.cz\/index.php?rest_route=\/wp\/v2\/pages"}],"about":[{"href":"https:\/\/www.skupinakores.cz\/index.php?rest_route=\/wp\/v2\/types\/page"}],"author":[{"embeddable":true,"href":"https:\/\/www.skupinakores.cz\/index.php?rest_route=\/wp\/v2\/users\/1"}],"replies":[{"embeddable":true,"href":"https:\/\/www.skupinakores.cz\/index.php?rest_route=%2Fwp%2Fv2%2Fcomments&post=1167"}],"version-history":[{"count":2,"href":"https:\/\/www.skupinakores.cz\/index.php?rest_route=\/wp\/v2\/pages\/1167\/revisions"}],"predecessor-version":[{"id":1170,"href":"https:\/\/www.skupinakores.cz\/index.php?rest_route=\/wp\/v2\/pages\/1167\/revisions\/1170"}],"wp:attachment":[{"href":"https:\/\/www.skupinakores.cz\/index.php?rest_route=%2Fwp%2Fv2%2Fmedia&parent=1167"}],"curies":[{"name":"wp","href":"https:\/\/api.w.org\/{rel}","templated":true}]}}