{"id":1171,"date":"2026-01-22T20:03:00","date_gmt":"2026-01-22T19:03:00","guid":{"rendered":"https:\/\/www.skupinakores.cz\/?page_id=1171"},"modified":"2026-02-04T14:08:20","modified_gmt":"2026-02-04T13:08:20","slug":"praminek","status":"publish","type":"page","link":"https:\/\/www.skupinakores.cz\/?page_id=1171","title":{"rendered":"Info"},"content":{"rendered":"\n<p>Ahoj d\u011bti! <br>Chcete za\u017e\u00edt plno z\u00e1bavy, dobrodru\u017estv\u00ed a hlavn\u011b poznat nov\u00e9 kamar\u00e1dy? P\u0159idejte se k n\u00e1m do turistick\u00e9ho odd\u00edlu Pram\u00ednek<br>V\u00edt\u00e1me d\u011bti od p\u0159ed\u0161koln\u00edho v\u011bku do 4. t\u0159\u00eddy. Sch\u00e1z\u00edme se pravideln\u011b ka\u017edou st\u0159edu od 17 do 18 hod v na\u0161\u00ed klubovn\u011b v Mod\u0159anech, kde b\u011bhem \u201cdru\u017einovek\u201d hrajeme spoustu her, u\u010d\u00edme se nov\u00e9 v\u011bci a sportujeme. Co u n\u00e1s je\u0161t\u011b za\u017eijete? T\u0159\u00eddenn\u00ed, dvoudenn\u00ed, jednodenn\u00ed v\u00fdlety hlavn\u011b do p\u0159\u00edrody, span\u00ed pod stanem, r\u016fzn\u00e9 druhy sport\u016f (minigolf, lezen\u00ed, cyklistika, j\u00edzda na k\u00e1no\u00edch), v\u00e1no\u010dn\u00ed a mikul\u00e1\u0161sk\u00e9 bes\u00eddky. T\u011b\u0161it se s n\u00e1mi m\u016f\u017eete na zimn\u00ed t\u00e1bory, kter\u00e9 po\u0159\u00e1d\u00e1me v na\u0161\u00ed odd\u00edlov\u00e9 chat\u011b v Albrechtic\u00edch v Jizersk\u00fdch hor\u00e1ch a na letn\u00ed 14denn\u00ed t\u00e1bory pod stanem, nap\u0159. s indi\u00e1nskou, straro\u0159eckou nebo prav\u011bkou tematikou P\u0159ij\u010fte se mezi n\u00e1s pod\u00edvat ve st\u0159edu na dru\u017einovku, vezm\u011bte i sv\u00e9 kamar\u00e1dy a kamar\u00e1dky! T\u011b\u0161\u00edme se na v\u00e1s.<\/p>\n\n\n\n<p>V p\u0159\u00edpad\u011b jak\u00fdchkoliv dotaz\u016f se m\u016f\u017eete obr\u00e1tit na tento email: an.drbohlavova@gmail.com,<br>p\u0159\u00edpadn\u011b na tel.: 737 132 054<br>Aktu\u00e1ln\u00ed info najdete v\u017edy v sekci Aktuality ( sta\u010d\u00ed kliknout na Ko\u0159es logo)<br>Fotky z p\u0159ede\u0161l\u00fdch akc\u00ed a t\u00e1bor\u016f najdete <a href=\"https:\/\/eu.zonerama.com\/SkupinaKores\/1289573\" data-type=\"link\" data-id=\"https:\/\/eu.zonerama.com\/SkupinaKores\/1289573\">zde<\/a>.<\/p>\n\n\n\n<p><\/p>\n","protected":false},"excerpt":{"rendered":"<p>Ahoj d\u011bti! Chcete za\u017e\u00edt plno z\u00e1bavy, dobrodru\u017estv\u00ed a hlavn\u011b poznat nov\u00e9 kamar\u00e1dy? P\u0159idejte se k n\u00e1m do turistick\u00e9ho odd\u00edlu Pram\u00ednekV\u00edt\u00e1me d\u011bti od p\u0159ed\u0161koln\u00edho v\u011bku do 4. t\u0159\u00eddy. Sch\u00e1z\u00edme se pravideln\u011b ka\u017edou st\u0159edu od 17 do 18 hod v na\u0161\u00ed klubovn\u011b v Mod\u0159anech, kde b\u011bhem \u201cdru\u017einovek\u201d hrajeme spoustu her, u\u010d\u00edme se nov\u00e9 v\u011bci a sportujeme. Co [&hellip;]<\/p>\n","protected":false},"author":1,"featured_media":0,"parent":1296,"menu_order":0,"comment_status":"closed","ping_status":"closed","template":"","meta":{"zakra_page_container_layout":"customizer","zakra_page_sidebar_layout":"customizer","zakra_remove_content_margin":false,"zakra_sidebar":"customizer","zakra_transparent_header":"customizer","zakra_logo":0,"zakra_main_header_style":"default","zakra_menu_item_color":"","zakra_menu_item_hover_color":"","zakra_menu_item_active_color":"","zakra_menu_active_style":"","zakra_page_header":true,"footnotes":""},"class_list":["post-1171","page","type-page","status-publish","hentry"],"_links":{"self":[{"href":"https:\/\/www.skupinakores.cz\/index.php?rest_route=\/wp\/v2\/pages\/1171","targetHints":{"allow":["GET"]}}],"collection":[{"href":"https:\/\/www.skupinakores.cz\/index.php?rest_route=\/wp\/v2\/pages"}],"about":[{"href":"https:\/\/www.skupinakores.cz\/index.php?rest_route=\/wp\/v2\/types\/page"}],"author":[{"embeddable":true,"href":"https:\/\/www.skupinakores.cz\/index.php?rest_route=\/wp\/v2\/users\/1"}],"replies":[{"embeddable":true,"href":"https:\/\/www.skupinakores.cz\/index.php?rest_route=%2Fwp%2Fv2%2Fcomments&post=1171"}],"version-history":[{"count":7,"href":"https:\/\/www.skupinakores.cz\/index.php?rest_route=\/wp\/v2\/pages\/1171\/revisions"}],"predecessor-version":[{"id":1314,"href":"https:\/\/www.skupinakores.cz\/index.php?rest_route=\/wp\/v2\/pages\/1171\/revisions\/1314"}],"up":[{"embeddable":true,"href":"https:\/\/www.skupinakores.cz\/index.php?rest_route=\/wp\/v2\/pages\/1296"}],"wp:attachment":[{"href":"https:\/\/www.skupinakores.cz\/index.php?rest_route=%2Fwp%2Fv2%2Fmedia&parent=1171"}],"curies":[{"name":"wp","href":"https:\/\/api.w.org\/{rel}","templated":true}]}}