{"id":1173,"date":"2026-01-22T20:04:14","date_gmt":"2026-01-22T19:04:14","guid":{"rendered":"https:\/\/www.skupinakores.cz\/?page_id=1173"},"modified":"2026-02-04T14:05:21","modified_gmt":"2026-02-04T13:05:21","slug":"pracata","status":"publish","type":"page","link":"https:\/\/www.skupinakores.cz\/?page_id=1173","title":{"rendered":"Info"},"content":{"rendered":"\n<p>Ahoj kluci a holky!<br>Hled\u00e1te partu, se kterou za\u017eijete opravdov\u00e1 dobrodru\u017estv\u00ed, nau\u010d\u00edte se spoustu nov\u00fdch dovednost\u00ed a str\u00e1v\u00edte \u010das venku \u2013 v p\u0159\u00edrod\u011b i na vod\u011b? P\u0159idejte se k n\u00e1m do vod\u00e1cko-turistick\u00e9ho odd\u00edlu Pr\u00e1\u010data!<br>Pr\u00e1\u010data jsou odd\u00edl pro d\u011bti od 5. do 9. t\u0159\u00eddy Z\u0160, kter\u00e9 bav\u00ed pohyb, v\u00fdzvy a dobr\u00e1 parta kamar\u00e1d\u016f. Pravideln\u011b se sch\u00e1z\u00edme v na\u0161\u00ed klubovn\u011b v Mod\u0159anech, kde b\u011bhem sch\u016fzek hrajeme hry, u\u010d\u00edme se t\u00e1bornick\u00e9 i vod\u00e1ck\u00e9 dovednosti a p\u0159ipravujeme se na spole\u010dn\u00e1 dobrodru\u017estv\u00ed.<br>Co s n\u00e1mi za\u017eijete? Jednodenn\u00ed i v\u00edkendov\u00e9 v\u00fdlety do p\u0159\u00edrody, za pozn\u00e1n\u00edm, vod\u00e1ck\u00e9 akce na klidn\u00e9 i divok\u00e9 vod\u011b, span\u00ed pod stanem, sportov\u00e1n\u00ed v\u0161eho druhu, zimn\u00ed a letn\u00ed t\u00e1bory i tradi\u010dn\u00ed odd\u00edlov\u00e9 sout\u011b\u017ee. Letn\u00ed t\u00e1bor je u n\u00e1s p\u0159edev\u0161\u00edm putov\u00e1n\u00ed po \u0159ece a p\u0159ilehl\u00e9m okol\u00ed s ve\u010dery u ohn\u011b a span\u00ed pod stanem. V zim\u011b pak vyr\u00e1\u017e\u00edme na hory do na\u0161\u00ed odd\u00edlov\u00e9 chaty v Jizersk\u00fdch hor\u00e1ch. U\u010d\u00edme se spolu \u201evytrvat a nef\u0148ukat\u201c \u2013 tak zn\u00ed na\u0161e odd\u00edlov\u00e9 heslo, proto\u017ee nejv\u011bt\u0161\u00ed z\u00e1\u017eitky vznikaj\u00ed pr\u00e1v\u011b tehdy, kdy\u017e n\u011bco zvl\u00e1dneme spole\u010dn\u011b.<br>Jestli m\u00e1\u0161 r\u00e1d vodu, p\u0159\u00edrodu, kamar\u00e1dy a chu\u0165 zkusit n\u011bco v\u00edc ne\u017e jen sed\u011bt doma, Pr\u00e1\u010data jsou p\u0159esn\u011b pro tebe. P\u0159ij\u010f se mezi n\u00e1s pod\u00edvat \u2013 t\u011b\u0161\u00edme se na nov\u00e9 tv\u00e1\u0159e a nov\u00e1 dobrodru\u017estv\u00ed!<br>Sch\u016fzky m\u00e1me ve st\u0159edu od 18:00 do 19:00 v na\u0161\u00ed klubovn\u011b.<\/p>\n\n\n\n<p>V p\u0159\u00edpad\u011b jak\u00fdchkoliv dotaz\u016f se m\u016f\u017eete obr\u00e1tit na tento email: suenavarova@seznam.cz<br>p\u0159\u00edpadn\u011b na tel.: 601 365 429<br>Aktu\u00e1ln\u00ed info najdete v\u017edy v sekci Aktuality ( sta\u010d\u00ed kliknout na Ko\u0159es logo)<br>Fotky z p\u0159ede\u0161l\u00fdch akc\u00ed a t\u00e1bor\u016f najdete <a href=\"https:\/\/eu.zonerama.com\/SkupinaKores\/1289573\" data-type=\"link\" data-id=\"https:\/\/eu.zonerama.com\/SkupinaKores\/1289573\">zde<\/a>.<\/p>\n","protected":false},"excerpt":{"rendered":"<p>Ahoj kluci a holky!Hled\u00e1te partu, se kterou za\u017eijete opravdov\u00e1 dobrodru\u017estv\u00ed, nau\u010d\u00edte se spoustu nov\u00fdch dovednost\u00ed a str\u00e1v\u00edte \u010das venku \u2013 v p\u0159\u00edrod\u011b i na vod\u011b? P\u0159idejte se k n\u00e1m do vod\u00e1cko-turistick\u00e9ho odd\u00edlu Pr\u00e1\u010data!Pr\u00e1\u010data jsou odd\u00edl pro d\u011bti od 5. do 9. t\u0159\u00eddy Z\u0160, kter\u00e9 bav\u00ed pohyb, v\u00fdzvy a dobr\u00e1 parta kamar\u00e1d\u016f. Pravideln\u011b se sch\u00e1z\u00edme v [&hellip;]<\/p>\n","protected":false},"author":1,"featured_media":0,"parent":1292,"menu_order":0,"comment_status":"closed","ping_status":"closed","template":"","meta":{"zakra_page_container_layout":"customizer","zakra_page_sidebar_layout":"customizer","zakra_remove_content_margin":false,"zakra_sidebar":"customizer","zakra_transparent_header":"customizer","zakra_logo":0,"zakra_main_header_style":"default","zakra_menu_item_color":"","zakra_menu_item_hover_color":"","zakra_menu_item_active_color":"","zakra_menu_active_style":"","zakra_page_header":true,"footnotes":""},"class_list":["post-1173","page","type-page","status-publish","hentry"],"_links":{"self":[{"href":"https:\/\/www.skupinakores.cz\/index.php?rest_route=\/wp\/v2\/pages\/1173","targetHints":{"allow":["GET"]}}],"collection":[{"href":"https:\/\/www.skupinakores.cz\/index.php?rest_route=\/wp\/v2\/pages"}],"about":[{"href":"https:\/\/www.skupinakores.cz\/index.php?rest_route=\/wp\/v2\/types\/page"}],"author":[{"embeddable":true,"href":"https:\/\/www.skupinakores.cz\/index.php?rest_route=\/wp\/v2\/users\/1"}],"replies":[{"embeddable":true,"href":"https:\/\/www.skupinakores.cz\/index.php?rest_route=%2Fwp%2Fv2%2Fcomments&post=1173"}],"version-history":[{"count":6,"href":"https:\/\/www.skupinakores.cz\/index.php?rest_route=\/wp\/v2\/pages\/1173\/revisions"}],"predecessor-version":[{"id":1312,"href":"https:\/\/www.skupinakores.cz\/index.php?rest_route=\/wp\/v2\/pages\/1173\/revisions\/1312"}],"up":[{"embeddable":true,"href":"https:\/\/www.skupinakores.cz\/index.php?rest_route=\/wp\/v2\/pages\/1292"}],"wp:attachment":[{"href":"https:\/\/www.skupinakores.cz\/index.php?rest_route=%2Fwp%2Fv2%2Fmedia&parent=1173"}],"curies":[{"name":"wp","href":"https:\/\/api.w.org\/{rel}","templated":true}]}}