{"id":582,"date":"2021-12-13T05:24:19","date_gmt":"2021-12-13T05:24:19","guid":{"rendered":"https:\/\/blockart-agency.sites.qsandbox.com\/?page_id=582"},"modified":"2026-01-22T20:50:14","modified_gmt":"2026-01-22T19:50:14","slug":"contact","status":"publish","type":"page","link":"https:\/\/www.skupinakores.cz\/?page_id=582","title":{"rendered":"Kontakty"},"content":{"rendered":"\n<div class=\"blockart-section blockart-section-73441fc0\"><div class=\"blockart-container\"><div class=\"blockart-section-inner\">\n<div class=\"blockart-column blockart-column-5642663a\"><div class=\"blockart-column-inner\">\n<h2 class=\"blockart-heading blockart-heading-26066721\">Ond\u0159ej &#8222;Bizon&#8220; Nov\u00e1k<\/h2>\n\n\n\n<p class=\"blockart-paragraph blockart-paragraph-8117d57a\">Hlavn\u00ed vedouc\u00ed skupiny<br>codista16@gmail.com<\/p>\n\n\n\n<p class=\"blockart-paragraph blockart-paragraph-4639fa06\">602 336 142<\/p>\n<\/div><\/div>\n\n\n\n<div class=\"blockart-column blockart-column-ec06b8d6\"><div class=\"blockart-column-inner\">\n<h2 class=\"blockart-heading blockart-heading-f3f6ebbb\">Zuzana &#8222;Kou\u0161a&#8220; Navarov\u00e1<\/h2>\n\n\n\n<p class=\"blockart-paragraph blockart-paragraph-9ef9da4c\">Hlavn\u00ed vedouc\u00ed Pr\u00e1\u010dat<br>suenavarova@seznam.cz<\/p>\n\n\n\n<p class=\"blockart-paragraph blockart-paragraph-4313f2c8\">601 365 429<\/p>\n<\/div><\/div>\n\n\n\n<div class=\"blockart-column blockart-column-f6cee71c\"><div class=\"blockart-column-inner\">\n<h2 class=\"blockart-heading blockart-heading-adcb66c9\">Andrea &#8222;\u00c1ja&#8220; Drbohlavov\u00e1<\/h2>\n\n\n\n<p class=\"blockart-paragraph blockart-paragraph-e601be07\">Hlavn\u00ed vedouc\u00ed Pram\u00ednku<br>an.drbohlavova@gmail.com<\/p>\n\n\n\n<p class=\"blockart-paragraph blockart-paragraph-4e7782fb\">737 132 054<\/p>\n<\/div><\/div>\n\n\n\n<div class=\"blockart-buttons blockart-buttons-1b5d388e is-wrap\"><\/div>\n<\/div><\/div><\/div>\n","protected":false},"excerpt":{"rendered":"","protected":false},"author":1,"featured_media":0,"parent":0,"menu_order":0,"comment_status":"closed","ping_status":"closed","template":"page-templates\/pagebuilder.php","meta":{"zakra_page_container_layout":"stretched","zakra_page_sidebar_layout":"no_sidebar","zakra_remove_content_margin":true,"zakra_sidebar":"customizer","zakra_transparent_header":"customizer","zakra_logo":0,"zakra_main_header_style":"default","zakra_menu_item_color":"","zakra_menu_item_hover_color":"#000000","zakra_menu_item_active_color":"#23ab70","zakra_menu_active_style":"","zakra_page_header":true,"footnotes":""},"class_list":["post-582","page","type-page","status-publish","hentry"],"_links":{"self":[{"href":"https:\/\/www.skupinakores.cz\/index.php?rest_route=\/wp\/v2\/pages\/582","targetHints":{"allow":["GET"]}}],"collection":[{"href":"https:\/\/www.skupinakores.cz\/index.php?rest_route=\/wp\/v2\/pages"}],"about":[{"href":"https:\/\/www.skupinakores.cz\/index.php?rest_route=\/wp\/v2\/types\/page"}],"author":[{"embeddable":true,"href":"https:\/\/www.skupinakores.cz\/index.php?rest_route=\/wp\/v2\/users\/1"}],"replies":[{"embeddable":true,"href":"https:\/\/www.skupinakores.cz\/index.php?rest_route=%2Fwp%2Fv2%2Fcomments&post=582"}],"version-history":[{"count":5,"href":"https:\/\/www.skupinakores.cz\/index.php?rest_route=\/wp\/v2\/pages\/582\/revisions"}],"predecessor-version":[{"id":1192,"href":"https:\/\/www.skupinakores.cz\/index.php?rest_route=\/wp\/v2\/pages\/582\/revisions\/1192"}],"wp:attachment":[{"href":"https:\/\/www.skupinakores.cz\/index.php?rest_route=%2Fwp%2Fv2%2Fmedia&parent=582"}],"curies":[{"name":"wp","href":"https:\/\/api.w.org\/{rel}","templated":true}]}}